{"id":2,"date":"2023-09-07T11:48:14","date_gmt":"2023-09-07T14:48:14","guid":{"rendered":"http:\/\/novo1.alumnicanadabrasil.com\/?page_id=2"},"modified":"2023-09-07T11:48:14","modified_gmt":"2023-09-07T14:48:14","slug":"pagina-exemplo","status":"publish","type":"page","link":"https:\/\/novo1.alumnicanadabrasil.com\/index.php\/pagina-exemplo\/","title":{"rendered":"P\u00e1gina de exemplo"},"content":{"rendered":"<p class=\"wp-block-paragraph \">Esta &eacute; uma p&aacute;gina de exemplo. &Eacute; diferente de um post no blog porque ela permanecer&aacute; em um lugar e aparecer&aacute; na navega&ccedil;&atilde;o do seu site na maioria dos temas. Muitas pessoas come&ccedil;am com uma p&aacute;gina que as apresenta a poss&iacute;veis visitantes do site. Ela pode dizer algo assim:<\/p>\n\n\n\n<blockquote class=\"wp-block-quote\"><p>Ol\u00e1! Eu sou um mensageiro de bicicleta durante o dia, ator aspirante \u00e0 noite, e este \u00e9 o meu site. Eu moro em S\u00e3o Paulo, tenho um grande cachorro chamado Rex e gosto de tomar caipirinha (e banhos de chuva).<\/p><\/blockquote>\n\n\n<p class=\"wp-block-paragraph \">&#8230;ou alguma coisa assim:<\/p>\n\n\n\n<blockquote class=\"wp-block-quote\"><p>A Companhia de Miniaturas XYZ foi fundada em 1971, e desde ent\u00e3o tem fornecido miniaturas de qualidade ao p\u00fablico. Localizada na cidade de Itu, a XYZ emprega mais de 2.000 pessoas e faz coisas grandiosas para a comunidade da cidade.<\/p><\/blockquote>\n\n\n<p class=\"wp-block-paragraph \">Como um novo usu&aacute;rio do WordPress, voc&ecirc; deveria ir ao <a href=\"http:\/\/novo1.alumnicanadabrasil.com\/wp-admin\/\">painel<\/a> para excluir essa p&aacute;gina e criar novas p&aacute;ginas para o seu conte&uacute;do. Divirta-se!<\/p>\n","protected":false},"excerpt":{"rendered":"<p>Esta &eacute; uma p&aacute;gina de exemplo. &Eacute; diferente de um post no blog porque ela permanecer&aacute; em um lugar e aparecer&aacute; na navega&ccedil;&atilde;o do seu site na maioria dos temas. Muitas pessoas come&ccedil;am com uma p&aacute;gina que as apresenta a poss&iacute;veis visitantes do site. Ela pode dizer algo assim: Ol\u00e1! Eu sou um mensageiro de &hellip;<\/p>\n","protected":false},"author":1,"featured_media":0,"parent":0,"menu_order":0,"comment_status":"closed","ping_status":"open","template":"","meta":{"footnotes":""},"_links":{"self":[{"href":"https:\/\/novo1.alumnicanadabrasil.com\/index.php\/wp-json\/wp\/v2\/pages\/2"}],"collection":[{"href":"https:\/\/novo1.alumnicanadabrasil.com\/index.php\/wp-json\/wp\/v2\/pages"}],"about":[{"href":"https:\/\/novo1.alumnicanadabrasil.com\/index.php\/wp-json\/wp\/v2\/types\/page"}],"author":[{"embeddable":true,"href":"https:\/\/novo1.alumnicanadabrasil.com\/index.php\/wp-json\/wp\/v2\/users\/1"}],"replies":[{"embeddable":true,"href":"https:\/\/novo1.alumnicanadabrasil.com\/index.php\/wp-json\/wp\/v2\/comments?post=2"}],"version-history":[{"count":0,"href":"https:\/\/novo1.alumnicanadabrasil.com\/index.php\/wp-json\/wp\/v2\/pages\/2\/revisions"}],"wp:attachment":[{"href":"https:\/\/novo1.alumnicanadabrasil.com\/index.php\/wp-json\/wp\/v2\/media?parent=2"}],"curies":[{"name":"wp","href":"https:\/\/api.w.org\/{rel}","templated":true}]}}